{"id":11700,"date":"2025-11-17T13:14:16","date_gmt":"2025-11-17T11:14:16","guid":{"rendered":"https:\/\/manualjobsearch.com\/?page_id=11700"},"modified":"2026-01-12T20:47:36","modified_gmt":"2026-01-12T18:47:36","slug":"probezeit","status":"publish","type":"page","link":"https:\/\/manualjobsearch.com\/tr\/probezeit\/","title":{"rendered":"Deneme s\u00fcresi: bilmeniz gerekenler"},"content":{"rendered":"<div data-elementor-type=\"wp-page\" data-elementor-id=\"11700\" class=\"elementor elementor-11700\" data-elementor-post-type=\"page\">\n\t\t\t\t<div class=\"elementor-element elementor-element-306180e e-con-full e-flex e-con e-parent\" data-id=\"306180e\" data-element_type=\"container\" data-e-type=\"container\">\n\t\t\t\t<div class=\"elementor-element elementor-element-9604e40 elementor-widget elementor-widget-spacer\" data-id=\"9604e40\" data-element_type=\"widget\" data-e-type=\"widget\" data-widget_type=\"spacer.default\">\n\t\t\t\t<div class=\"elementor-widget-container\">\n\t\t\t\t\t\t\t<div class=\"elementor-spacer\">\n\t\t\t<div class=\"elementor-spacer-inner\"><\/div>\n\t\t<\/div>\n\t\t\t\t\t\t<\/div>\n\t\t\t\t<\/div>\n\t\t\t\t<div class=\"elementor-element elementor-element-5dc7ab3 elementor-widget elementor-widget-heading\" data-id=\"5dc7ab3\" data-element_type=\"widget\" data-e-type=\"widget\" data-widget_type=\"heading.default\">\n\t\t\t\t<div class=\"elementor-widget-container\">\n\t\t\t\t\t<h1 class=\"elementor-heading-title elementor-size-default\">Deneme s\u00fcresi: bilmeniz gerekenler\n<\/h1>\t\t\t\t<\/div>\n\t\t\t\t<\/div>\n\t\t\t\t<div class=\"elementor-element elementor-element-7a28ccb elementor-widget elementor-widget-text-editor\" data-id=\"7a28ccb\" data-element_type=\"widget\" data-e-type=\"widget\" data-widget_type=\"text-editor.default\">\n\t\t\t\t<div class=\"elementor-widget-container\">\n\t\t\t\t\t\t\t\t\t<p><span style=\"font-weight: 400;\">Deneme s\u00fcresi, i\u015fveren ve \u00e7al\u0131\u015fan aras\u0131ndaki ilk ortak test a\u015famas\u0131d\u0131r.<\/span><span style=\"font-weight: 400;\"><br \/><\/span><span style=\"font-weight: 400;\">Her iki taraf da i\u015fbirli\u011finin, g\u00f6revlerin ve beklentilerin ger\u00e7ekten uygun olup olmad\u0131\u011f\u0131n\u0131 kontrol eder.<\/span><\/p>\t\t\t\t\t\t\t\t<\/div>\n\t\t\t\t<\/div>\n\t\t\t\t<div class=\"elementor-element elementor-element-7e3eefe elementor-position-inline-start elementor-tablet-position-block-start elementor-view-default elementor-mobile-position-block-start elementor-widget elementor-widget-icon-box\" data-id=\"7e3eefe\" data-element_type=\"widget\" data-e-type=\"widget\" data-widget_type=\"icon-box.default\">\n\t\t\t\t<div class=\"elementor-widget-container\">\n\t\t\t\t\t\t\t<div class=\"elementor-icon-box-wrapper\">\n\n\t\t\t\t\t\t<div class=\"elementor-icon-box-icon\">\n\t\t\t\t<span  class=\"elementor-icon\">\n\t\t\t\t<svg aria-hidden=\"true\" class=\"e-font-icon-svg e-fas-search\" viewbox=\"0 0 512 512\" xmlns=\"http:\/\/www.w3.org\/2000\/svg\"><path d=\"M505 442.7L405.3 343c-4.5-4.5-10.6-7-17-7H372c27.6-35.3 44-79.7 44-128C416 93.1 322.9 0 208 0S0 93.1 0 208s93.1 208 208 208c48.3 0 92.7-16.4 128-44v16.3c0 6.4 2.5 12.5 7 17l99.7 99.7c9.4 9.4 24.6 9.4 33.9 0l28.3-28.3c9.4-9.4 9.4-24.6.1-34zM208 336c-70.7 0-128-57.2-128-128 0-70.7 57.2-128 128-128 70.7 0 128 57.2 128 128 0 70.7-57.2 128-128 128z\"><\/path><\/svg>\t\t\t\t<\/span>\n\t\t\t<\/div>\n\t\t\t\n\t\t\t\t\t\t<div class=\"elementor-icon-box-content\">\n\n\t\t\t\t\t\t\t\t\t<h3 class=\"elementor-icon-box-title\">\n\t\t\t\t\t\t<span  >\n\t\t\t\t\t\t\tDeneme s\u00fcresinin amac\u0131 nedir?\t\t\t\t\t\t<\/span>\n\t\t\t\t\t<\/h3>\n\t\t\t\t\n\t\t\t\t\t\t\t\t\t<p class=\"elementor-icon-box-description\">\n\t\t\t\t\t\t\u0130\u015fverenler g\u00fcvenilir olup olmad\u0131\u011f\u0131n\u0131z\u0131, ekibe uyum sa\u011flay\u0131p sa\u011flamad\u0131\u011f\u0131n\u0131z\u0131 ve g\u00f6revlerinizi iyi yap\u0131p yapmad\u0131\u011f\u0131n\u0131z\u0131 kontrol eder.\n \u0130\u015fin, ortam\u0131n ve kurum k\u00fclt\u00fcr\u00fcn\u00fcn size uygun olup olmad\u0131\u011f\u0131n\u0131 kendiniz deneyimleyeceksiniz.<br>\n<b>K\u0131sacas\u0131:<\/b>\nDeneme s\u00fcresi bir tehdit de\u011fildir - ger\u00e7ekten uyumlu olup olmad\u0131\u011f\u0131n\u0131z\u0131 anlamak i\u00e7in bir \u015fanst\u0131r.\n\n\t\t\t\t\t<\/p>\n\t\t\t\t\n\t\t\t<\/div>\n\t\t\t\n\t\t<\/div>\n\t\t\t\t\t\t<\/div>\n\t\t\t\t<\/div>\n\t\t\t\t<div class=\"elementor-element elementor-element-c7442de elementor-position-inline-start elementor-tablet-position-block-start elementor-view-default elementor-mobile-position-block-start elementor-widget elementor-widget-icon-box\" data-id=\"c7442de\" data-element_type=\"widget\" data-e-type=\"widget\" data-widget_type=\"icon-box.default\">\n\t\t\t\t<div class=\"elementor-widget-container\">\n\t\t\t\t\t\t\t<div class=\"elementor-icon-box-wrapper\">\n\n\t\t\t\t\t\t<div class=\"elementor-icon-box-icon\">\n\t\t\t\t<span  class=\"elementor-icon\">\n\t\t\t\t<svg aria-hidden=\"true\" class=\"e-font-icon-svg e-far-clock\" viewbox=\"0 0 512 512\" xmlns=\"http:\/\/www.w3.org\/2000\/svg\"><path d=\"M256 8C119 8 8 119 8 256s111 248 248 248 248-111 248-248S393 8 256 8zm0 448c-110.5 0-200-89.5-200-200S145.5 56 256 56s200 89.5 200 200-89.5 200-200 200zm61.8-104.4l-84.9-61.7c-3.1-2.3-4.9-5.9-4.9-9.7V116c0-6.6 5.4-12 12-12h32c6.6 0 12 5.4 12 12v141.7l66.8 48.6c5.4 3.9 6.5 11.4 2.6 16.8L334.6 349c-3.9 5.3-11.4 6.5-16.8 2.6z\"><\/path><\/svg>\t\t\t\t<\/span>\n\t\t\t<\/div>\n\t\t\t\n\t\t\t\t\t\t<div class=\"elementor-icon-box-content\">\n\n\t\t\t\t\t\t\t\t\t<h3 class=\"elementor-icon-box-title\">\n\t\t\t\t\t\t<span  >\n\t\t\t\t\t\t\tDeneme s\u00fcresi ne kadard\u0131r?\t\t\t\t\t\t<\/span>\n\t\t\t\t\t<\/h3>\n\t\t\t\t\n\t\t\t\t\t\t\t\t\t<p class=\"elementor-icon-box-description\">\n\t\t\t\t\t\t\u00c7o\u011fu durumda, bu s\u00fcre alt\u0131 aya kadard\u0131r ve her zaman i\u015f s\u00f6zle\u015fmesinde belirtilir; bir deneme s\u00fcresi zorunlu de\u011fildir, ancak yayg\u0131nd\u0131r. Bu s\u00fcre zarf\u0131nda genellikle iki haftal\u0131k k\u0131salt\u0131lm\u0131\u015f bir ihbar s\u00fcresi ge\u00e7erlidir. Deneme s\u00fcresinden sonra, s\u00f6zle\u015fmeniz otomatik olarak devam eder - s\u00f6zle\u015fmeye ba\u011fl\u0131 olarak belirsiz veya belirli bir s\u00fcre i\u00e7in.\n\t\t\t\t\t<\/p>\n\t\t\t\t\n\t\t\t<\/div>\n\t\t\t\n\t\t<\/div>\n\t\t\t\t\t\t<\/div>\n\t\t\t\t<\/div>\n\t\t\t\t<div class=\"elementor-element elementor-element-2b9e259 elementor-position-inline-start elementor-tablet-position-block-start elementor-view-default elementor-mobile-position-block-start elementor-widget elementor-widget-icon-box\" data-id=\"2b9e259\" data-element_type=\"widget\" data-e-type=\"widget\" data-widget_type=\"icon-box.default\">\n\t\t\t\t<div class=\"elementor-widget-container\">\n\t\t\t\t\t\t\t<div class=\"elementor-icon-box-wrapper\">\n\n\t\t\t\t\t\t<div class=\"elementor-icon-box-icon\">\n\t\t\t\t<span  class=\"elementor-icon\">\n\t\t\t\t<svg aria-hidden=\"true\" class=\"e-font-icon-svg e-fas-plane-departure\" viewbox=\"0 0 640 512\" xmlns=\"http:\/\/www.w3.org\/2000\/svg\"><path d=\"M624 448H16c-8.84 0-16 7.16-16 16v32c0 8.84 7.16 16 16 16h608c8.84 0 16-7.16 16-16v-32c0-8.84-7.16-16-16-16zM80.55 341.27c6.28 6.84 15.1 10.72 24.33 10.71l130.54-.18a65.62 65.62 0 0 0 29.64-7.12l290.96-147.65c26.74-13.57 50.71-32.94 67.02-58.31 18.31-28.48 20.3-49.09 13.07-63.65-7.21-14.57-24.74-25.27-58.25-27.45-29.85-1.94-59.54 5.92-86.28 19.48l-98.51 49.99-218.7-82.06a17.799 17.799 0 0 0-18-1.11L90.62 67.29c-10.67 5.41-13.25 19.65-5.17 28.53l156.22 98.1-103.21 52.38-72.35-36.47a17.804 17.804 0 0 0-16.07.02L9.91 230.22c-10.44 5.3-13.19 19.12-5.57 28.08l76.21 82.97z\"><\/path><\/svg>\t\t\t\t<\/span>\n\t\t\t<\/div>\n\t\t\t\n\t\t\t\t\t\t<div class=\"elementor-icon-box-content\">\n\n\t\t\t\t\t\t\t\t\t<h3 class=\"elementor-icon-box-title\">\n\t\t\t\t\t\t<span  >\n\t\t\t\t\t\t\tDeneme s\u00fcresi boyunca tatil\t\t\t\t\t\t<\/span>\n\t\t\t\t\t<\/h3>\n\t\t\t\t\n\t\t\t\t\t\t\t\t\t<p class=\"elementor-icon-box-description\">\n\t\t\t\t\t\tTatiller genellikle yasak de\u011fildir, ancak bunlar\u0131 iyi planlaman\u0131z gerekir. Tam y\u0131ll\u0131k izin ancak \u015firkette alt\u0131 ay \u00e7al\u0131\u015ft\u0131ktan sonra tahakkuk eder. Bundan \u00f6nce, \u00e7al\u0131\u015ft\u0131\u011f\u0131n\u0131z her tam ay i\u00e7in orant\u0131l\u0131 olarak izin al\u0131rs\u0131n\u0131z.<br>\n<b>\u0130pucu: <\/b>Ba\u015flang\u0131\u00e7ta tatile ihtiyac\u0131n\u0131z varsa (\u00f6rne\u011fin \u00f6nceden rezervasyon yapt\u0131rd\u0131ysan\u0131z), bunu s\u00f6zle\u015fme ba\u015flamadan \u00f6nce a\u00e7\u0131k\u00e7a g\u00f6r\u00fc\u015f\u00fcn.\n\t\t\t\t\t<\/p>\n\t\t\t\t\n\t\t\t<\/div>\n\t\t\t\n\t\t<\/div>\n\t\t\t\t\t\t<\/div>\n\t\t\t\t<\/div>\n\t\t\t\t<div class=\"elementor-element elementor-element-a1ffc65 elementor-position-inline-start elementor-tablet-position-block-start elementor-view-default elementor-mobile-position-block-start elementor-widget elementor-widget-icon-box\" data-id=\"a1ffc65\" data-element_type=\"widget\" data-e-type=\"widget\" data-widget_type=\"icon-box.default\">\n\t\t\t\t<div class=\"elementor-widget-container\">\n\t\t\t\t\t\t\t<div class=\"elementor-icon-box-wrapper\">\n\n\t\t\t\t\t\t<div class=\"elementor-icon-box-icon\">\n\t\t\t\t<span  class=\"elementor-icon\">\n\t\t\t\t<svg aria-hidden=\"true\" class=\"e-font-icon-svg e-fas-head-side-mask\" viewbox=\"0 0 512 512\" xmlns=\"http:\/\/www.w3.org\/2000\/svg\"><path d=\"M.15,184.42C-2.17,244.21,23,298.06,64,334.88V512H224V316.51L3.67,156.25A182.28,182.28,0,0,0,.15,184.42ZM509.22,275c-21-47.12-48.5-151.75-73.12-186.75A208.11,208.11,0,0,0,266.11,0H200C117,0,42.48,50.57,13.25,123.65L239.21,288H511.76A31.35,31.35,0,0,0,509.22,275ZM320,224a32,32,0,1,1,32-32A32.07,32.07,0,0,1,320,224Zm16,144H496l16-48H256V512H401.88a64,64,0,0,0,60.71-43.76L464,464H336a16,16,0,0,1,0-32H474.67l10.67-32H336a16,16,0,0,1,0-32Z\"><\/path><\/svg>\t\t\t\t<\/span>\n\t\t\t<\/div>\n\t\t\t\n\t\t\t\t\t\t<div class=\"elementor-icon-box-content\">\n\n\t\t\t\t\t\t\t\t\t<h3 class=\"elementor-icon-box-title\">\n\t\t\t\t\t\t<span  >\n\t\t\t\t\t\t\tDeneme s\u00fcresi boyunca hasta\t\t\t\t\t\t<\/span>\n\t\t\t\t\t<\/h3>\n\t\t\t\t\n\t\t\t\t\t\t\t\t\t<p class=\"elementor-icon-box-description\">\n\t\t\t\t\t\tDeneme s\u00fcresi boyunca a\u015fa\u011f\u0131dakiler de ge\u00e7erlidir: Hastalan\u0131rsan\u0131z evde kal\u0131n ve derhal i\u015fvereninize haber verin. D\u00f6rt haftal\u0131k \u00e7al\u0131\u015fmadan sonra, alt\u0131 haftaya kadar \u00fccret \u00f6demeye devam etme hakk\u0131n\u0131z vard\u0131r. Hastal\u0131k s\u0131ras\u0131nda i\u015ften \u00e7\u0131karma genellikle m\u00fcmk\u00fcnd\u00fcr - ancak bu ayr\u0131mc\u0131 veya hukuka ayk\u0131r\u0131 olmamal\u0131d\u0131r.<br>\n<b>A\u00e7\u0131k ileti\u015fim yard\u0131mc\u0131 olur: <\/b>Ne kadar s\u00fcreyle burada olmayaca\u011f\u0131n\u0131z\u0131 ve sizinle ileti\u015fime ge\u00e7ilip ge\u00e7ilemeyece\u011fini bildirin.\n\t\t\t\t\t<\/p>\n\t\t\t\t\n\t\t\t<\/div>\n\t\t\t\n\t\t<\/div>\n\t\t\t\t\t\t<\/div>\n\t\t\t\t<\/div>\n\t\t\t\t<div class=\"elementor-element elementor-element-fa81ea0 elementor-position-inline-start elementor-tablet-position-block-start elementor-view-default elementor-mobile-position-block-start elementor-widget elementor-widget-icon-box\" data-id=\"fa81ea0\" data-element_type=\"widget\" data-e-type=\"widget\" data-widget_type=\"icon-box.default\">\n\t\t\t\t<div class=\"elementor-widget-container\">\n\t\t\t\t\t\t\t<div class=\"elementor-icon-box-wrapper\">\n\n\t\t\t\t\t\t<div class=\"elementor-icon-box-icon\">\n\t\t\t\t<span  class=\"elementor-icon\">\n\t\t\t\t<svg aria-hidden=\"true\" class=\"e-font-icon-svg e-fas-file-alt\" viewbox=\"0 0 384 512\" xmlns=\"http:\/\/www.w3.org\/2000\/svg\"><path d=\"M224 136V0H24C10.7 0 0 10.7 0 24v464c0 13.3 10.7 24 24 24h336c13.3 0 24-10.7 24-24V160H248c-13.2 0-24-10.8-24-24zm64 236c0 6.6-5.4 12-12 12H108c-6.6 0-12-5.4-12-12v-8c0-6.6 5.4-12 12-12h168c6.6 0 12 5.4 12 12v8zm0-64c0 6.6-5.4 12-12 12H108c-6.6 0-12-5.4-12-12v-8c0-6.6 5.4-12 12-12h168c6.6 0 12 5.4 12 12v8zm0-72v8c0 6.6-5.4 12-12 12H108c-6.6 0-12-5.4-12-12v-8c0-6.6 5.4-12 12-12h168c6.6 0 12 5.4 12 12zm96-114.1v6.1H256V0h6.1c6.4 0 12.5 2.5 17 7l97.9 98c4.5 4.5 7 10.6 7 16.9z\"><\/path><\/svg>\t\t\t\t<\/span>\n\t\t\t<\/div>\n\t\t\t\n\t\t\t\t\t\t<div class=\"elementor-icon-box-content\">\n\n\t\t\t\t\t\t\t\t\t<h3 class=\"elementor-icon-box-title\">\n\t\t\t\t\t\t<span  >\n\t\t\t\t\t\t\tDeneme s\u00fcresi i\u00e7inde iptal\t\t\t\t\t\t<\/span>\n\t\t\t\t\t<\/h3>\n\t\t\t\t\n\t\t\t\t\t\t\t\t\t<p class=\"elementor-icon-box-description\">\n\t\t\t\t\t\t\u0130hbar s\u00fcresi genellikle iki haftad\u0131r - iptalin sizden veya i\u015fverenden gelmesine bak\u0131lmaks\u0131z\u0131n. Her iki taraf da bir sebep g\u00f6stermek zorunda de\u011fildir.<br>\n<b>\u00d6nemli:<\/b>\nDeneme s\u00fcresi boyunca annelik korumas\u0131 veya Genel E\u015fit Muamele Yasas\u0131 gibi \u00f6zel koruyucu haklar da ge\u00e7erlidir. <br>Deneme s\u00fcresi tek y\u00f6nl\u00fc bir yol de\u011fildir: her iki taraf da i\u015fbirli\u011finin uzun vadede anlaml\u0131 olup olmad\u0131\u011f\u0131n\u0131 kontrol edebilir.\n\t\t\t\t\t<\/p>\n\t\t\t\t\n\t\t\t<\/div>\n\t\t\t\n\t\t<\/div>\n\t\t\t\t\t\t<\/div>\n\t\t\t\t<\/div>\n\t\t\t\t<div class=\"elementor-element elementor-element-1edebfe elementor-widget elementor-widget-text-editor\" data-id=\"1edebfe\" data-element_type=\"widget\" data-e-type=\"widget\" data-widget_type=\"text-editor.default\">\n\t\t\t\t<div class=\"elementor-widget-container\">\n\t\t\t\t\t\t\t\t\t<p><span style=\"font-weight: 400;\">Deneme s\u00fcresi ortak bir \u00f6\u011frenme a\u015famas\u0131d\u0131r. A\u00e7\u0131k ileti\u015fim kuranlar, iyi haz\u0131rlananlar ve profesyonel kalanlar bu d\u00f6nemi ba\u015far\u0131yla ge\u00e7me \u015fans\u0131na sahiptir.<\/span><\/p>\t\t\t\t\t\t\t\t<\/div>\n\t\t\t\t<\/div>\n\t\t\t\t<div class=\"elementor-element elementor-element-0b7788d elementor-widget elementor-widget-spacer\" data-id=\"0b7788d\" data-element_type=\"widget\" data-e-type=\"widget\" data-widget_type=\"spacer.default\">\n\t\t\t\t<div class=\"elementor-widget-container\">\n\t\t\t\t\t\t\t<div class=\"elementor-spacer\">\n\t\t\t<div class=\"elementor-spacer-inner\"><\/div>\n\t\t<\/div>\n\t\t\t\t\t\t<\/div>\n\t\t\t\t<\/div>\n\t\t\t\t<\/div>\n\t\t\t\t<\/div>","protected":false},"excerpt":{"rendered":"<p>Deneme s\u00fcresi: Bilmeniz gerekenler Deneme s\u00fcresi, i\u015fveren ve \u00e7al\u0131\u015fan aras\u0131ndaki ilk ortak test a\u015famas\u0131d\u0131r ve bu s\u00fcre zarf\u0131nda her iki taraf da i\u015fbirli\u011finin, g\u00f6revlerin ve beklentilerin ger\u00e7ekten uygun olup olmad\u0131\u011f\u0131n\u0131 kontrol eder. Deneme s\u00fcresinin amac\u0131 nedir? \u0130\u015fverenler g\u00fcvenilir olup olmad\u0131\u011f\u0131n\u0131z\u0131, ekibe uyum sa\u011flay\u0131p sa\u011flamad\u0131\u011f\u0131n\u0131z\u0131 ve g\u00f6revlerinizi iyi yap\u0131p yapmad\u0131\u011f\u0131n\u0131z\u0131 kontrol eder. Kendiniz de i\u015fin, ortam\u0131n ve [...]<\/p>","protected":false},"author":256,"featured_media":0,"parent":0,"menu_order":0,"comment_status":"closed","ping_status":"closed","template":"","meta":{"_acf_changed":false,"footnotes":""},"class_list":["post-11700","page","type-page","status-publish","hentry"],"acf":[],"_links":{"self":[{"href":"https:\/\/manualjobsearch.com\/tr\/wp-json\/wp\/v2\/pages\/11700","targetHints":{"allow":["GET"]}}],"collection":[{"href":"https:\/\/manualjobsearch.com\/tr\/wp-json\/wp\/v2\/pages"}],"about":[{"href":"https:\/\/manualjobsearch.com\/tr\/wp-json\/wp\/v2\/types\/page"}],"author":[{"embeddable":true,"href":"https:\/\/manualjobsearch.com\/tr\/wp-json\/wp\/v2\/users\/256"}],"replies":[{"embeddable":true,"href":"https:\/\/manualjobsearch.com\/tr\/wp-json\/wp\/v2\/comments?post=11700"}],"version-history":[{"count":0,"href":"https:\/\/manualjobsearch.com\/tr\/wp-json\/wp\/v2\/pages\/11700\/revisions"}],"wp:attachment":[{"href":"https:\/\/manualjobsearch.com\/tr\/wp-json\/wp\/v2\/media?parent=11700"}],"curies":[{"name":"wp","href":"https:\/\/api.w.org\/{rel}","templated":true}]}}