{"id":11283,"date":"2025-07-08T17:16:17","date_gmt":"2025-07-08T15:16:17","guid":{"rendered":"https:\/\/manualjobsearch.com\/?page_id=11283"},"modified":"2025-07-08T18:12:40","modified_gmt":"2025-07-08T16:12:40","slug":"ablauf-der-initiativbewerbung","status":"publish","type":"page","link":"https:\/\/manualjobsearch.com\/tr\/ablauf-der-initiativbewerbung\/","title":{"rendered":"Talep edilmemi\u015f ba\u015fvurular i\u00e7in prosed\u00fcr"},"content":{"rendered":"<div data-elementor-type=\"wp-page\" data-elementor-id=\"11283\" class=\"elementor elementor-11283\" data-elementor-post-type=\"page\">\n\t\t\t\t<div class=\"elementor-element elementor-element-72e8682 e-con-full e-flex e-con e-parent\" data-id=\"72e8682\" data-element_type=\"container\">\n\t\t\t\t<div class=\"elementor-element elementor-element-b5465f2 elementor-widget elementor-widget-spacer\" data-id=\"b5465f2\" data-element_type=\"widget\" data-widget_type=\"spacer.default\">\n\t\t\t\t<div class=\"elementor-widget-container\">\n\t\t\t\t\t\t\t<div class=\"elementor-spacer\">\n\t\t\t<div class=\"elementor-spacer-inner\"><\/div>\n\t\t<\/div>\n\t\t\t\t\t\t<\/div>\n\t\t\t\t<\/div>\n\t\t\t\t<div class=\"elementor-element elementor-element-70a652e elementor-widget elementor-widget-text-editor\" data-id=\"70a652e\" data-element_type=\"widget\" data-widget_type=\"text-editor.default\">\n\t\t\t\t<div class=\"elementor-widget-container\">\n\t\t\t\t\t\t\t\t\t<div class=\"container\"><h1>Sonraki ad\u0131mlar<\/h1><p>Belgelerinizin g\u00f6nderilmesine izin veriyorsunuz.<br \/>Bu ama\u00e7la sizin i\u00e7in \u00f6zel olarak olu\u015fturulmu\u015f bir e-posta adresi kullan\u0131lacakt\u0131r. (Manuel \u0130\u015f Arama'dan bahsedilmemektedir.)<br \/>E-postalar\u0131n\u0131z\u0131 g\u00fcnde birka\u00e7 kez kontrol edin.<br \/>\u0130\u015fverenlerden geri bildirim almak bir ay kadar s\u00fcrebilir.<\/p><h3>Ba\u015fvuru hangi \u015firketlere g\u00f6nderilecek?<\/h3><p>Ba\u015fvurunuzu g\u00f6nderdi\u011fimiz internet adreslerini hesap y\u00f6neticinizden e-posta ile talep edebilirsiniz.<\/p><h3>E-posta adresiniz i\u00e7in verilere eri\u015fim<\/h3><p>Sizin i\u00e7in ayarlanan e-posta adresine eri\u015fim i\u015f dan\u0131\u015fman\u0131n\u0131za ayr\u0131lm\u0131\u015ft\u0131r. Sizin i\u00e7in t\u00fcm i\u015fi o yapacak ve siz olumlu geri bildirimlerle ayr\u0131nt\u0131l\u0131 olarak ilgilenebileceksiniz.<\/p><p>T\u00fcm olumlu geri bildirimleri hesab\u0131n\u0131zda bulacaks\u0131n\u0131z - burada do\u011frudan yan\u0131t da verebilirsiniz.<\/p><h3>\u0130\u015fverenden gelen geri bildirimlerin iletilmesi<\/h3><p>Bir i\u015fverenden gelen olumlu geri bildirimleri hemen alacaks\u0131n\u0131z. Art\u0131k bu i\u015fvereni arayabilir ve \u00f6zel e-posta adresinizi kullanarak onlarla ileti\u015fime ge\u00e7ebilirsiniz.<\/p><p>Bir i\u015fveren beklentilerinizi kar\u015f\u0131lamazsa, l\u00fctfen iptal edin ve hi\u00e7bir soruyu cevaps\u0131z b\u0131rakmay\u0131n.<\/p><p>\u015e\u00fcpheli geri bildirim durumunda l\u00fctfen bizimle ileti\u015fime ge\u00e7in.<\/p><h3>Olumlu geri bildirim<\/h3><p>Bir i\u015fverenden geri bildirim ald\u0131ktan sonra yapman\u0131z gereken biraz i\u015f var. Bunun i\u00e7in bir kontrol listesi haz\u0131rlad\u0131k:<\/p><div class=\"checklist\"><ul><li>\u0130\u015fverenin ciddiyetini kontrol edin<\/li><li>E-posta adresi \u015firketle e\u015fle\u015fiyor mu?<\/li><li>\u015eirketin ana sayfas\u0131 sayg\u0131n g\u00f6r\u00fcn\u00fcyor mu?<\/li><li>\u0130\u015fveren \u015f\u00fcpheli maa\u015flarla cezbediyor mu?<\/li><li>\u015eirket hakk\u0131nda m\u00fcmk\u00fcn oldu\u011funca \u00e7ok bilgi toplay\u0131n:<ul><li>\u015eirket b\u00fcy\u00fckl\u00fc\u011f\u00fc<\/li><li>\u00dcr\u00fcnler ve hizmetler<\/li><li>\u015eirket ya\u015f\u0131<\/li><li>Kurumsal felsefe<\/li><\/ul><\/li><\/ul><\/div><p>\u00c7o\u011fu bilgi internette bulunabilir.<\/p><h3>Sorgunun onaylanmas\u0131<\/h3><p>K\u0131sa sorular\u0131 e-posta ile yan\u0131tlayabilirsiniz.<br \/>Telefon veya i\u015f g\u00f6r\u00fc\u015fmesi davetlerini e-posta veya telefon yoluyla \u00f6nerilen bir tarihle teyit edebilirsiniz.<\/p><h3>\u0130ptal etmeniz gerekiyorsa<\/h3><p>Elbette size sunulan t\u00fcm f\u0131rsatlardan yararlanacaks\u0131n\u0131z. Sizin bak\u0131\u015f a\u00e7\u0131n\u0131zdan bir teklife kar\u015f\u0131 \u00e7\u0131kan herhangi bir neden var m\u0131? O zaman l\u00fctfen dostane bir \u015fekilde iptal edin.<\/p><h3>\u0130lk sevkiyat ba\u015far\u0131l\u0131 olmad\u0131ysa<\/h3><p>En iyi \u00e7abalar\u0131m\u0131za ra\u011fmen, IPSER Manuel \u0130\u015f Arama ile i-Ba\u015fvurunuz ilk denemede ba\u015far\u0131l\u0131 olmayabilir. Talebiniz \u00fczerine, \u00e7e\u015fitli kriterlere ba\u011fl\u0131 olarak ikinci bir g\u00f6nderimin m\u00fcmk\u00fcn olup olmad\u0131\u011f\u0131n\u0131 kontrol etmekten memnuniyet duyar\u0131z.<\/p><h3>Pozitif sonucun derhal bildirilmesi<\/h3><p>L\u00fctfen kabul edilip edilmedi\u011finizi veya bir i\u015f s\u00f6zle\u015fmesi imzalay\u0131p imzalamad\u0131\u011f\u0131n\u0131z\u0131 bize telefon veya e-posta yoluyla derhal bildirin.<\/p><p>\u0130mzalad\u0131ktan sonra a\u015fa\u011f\u0131daki belgeleri talep ediyoruz:<\/p><ul><li>\u0130\u015f s\u00f6zle\u015fmesinin veya \u00e7er\u00e7eve verilerin kopyas\u0131.<\/li><li>Serbest \u00e7al\u0131\u015fan olarak \u00e7al\u0131\u015f\u0131yorsan\u0131z, \u00f6zellikle m\u00fc\u015fteri taraf\u0131ndan \u00f6denen tutarla birlikte s\u00f6zle\u015fmenin bir kopyas\u0131n\u0131 sa\u011flaman\u0131z \u00e7ok \u00f6nemlidir.<\/li><\/ul><p>Daha sonra, taksit \u00f6demesi ba\u015flamadan \u00f6nce size zaman\u0131nda bir fatura g\u00f6nderece\u011fiz.<\/p><h3>\u0130\u015f g\u00f6r\u00fc\u015fmesi i\u00e7in haz\u0131rl\u0131k<\/h3><p>Sizin i\u00e7in ipu\u00e7lar\u0131m\u0131z ve a\u00e7\u0131klamalar\u0131m\u0131z var. Parantez i\u00e7indeki terimler, sorulan sorular\u0131n arka plan\u0131n\u0131 ifade etmektedir:<\/p><h4>Diyalo\u011fun A\u00e7\u0131l\u0131\u015f\u0131<\/h4><ul><li>\u015eirketimiz hakk\u0131nda ne biliyorsunuz? (Ger\u00e7ek ilgiyi i\u015faretleyin)<\/li><li>Neden \u015firketimizde \u00e7al\u0131\u015fmakla ilgileniyorsunuz? (Hedefler)<\/li><li>Tan\u0131d\u0131klar\u0131n\u0131z, arkada\u015flar\u0131n\u0131z veya akrabalar\u0131n\u0131z \u015firketimizde \u00e7al\u0131\u015f\u0131yor mu? (\u0130nisiyatif)<\/li><\/ul><h4>Ba\u015fvuru sahibinin ki\u015fisel durumu<\/h4><ul><li>Hangi \u00e7evrede b\u00fcy\u00fcd\u00fcn\u00fcz? (b\u00fcy\u00fck \u015fehir\/ta\u015fra)<\/li><li>Karde\u015finiz var m\u0131 yoksa tek \u00e7ocuk muydunuz? (Uyumluluk)<\/li><li>Herhangi bir gen\u00e7lik kurulu\u015funa \u00fcye oldunuz mu? Cevab\u0131n\u0131z evet ise, hangi kurulu\u015f? (ileti\u015fim kurma yetene\u011fi)<\/li><li>Evli misiniz? Ne kadar s\u00fcredir? Ka\u00e7 \u00e7ocuk var? (Harmony, endi\u015feler)<\/li><li>Yak\u0131nda evlenmeyi d\u00fc\u015f\u00fcn\u00fcyor musunuz? (Dalgalanma\/hareketlilik)<\/li><li>E\u015finiz\/kocan\u0131z i\u015f de\u011fi\u015fikli\u011finiz hakk\u0131nda ne d\u00fc\u015f\u00fcn\u00fcyor? (i\u015f motivasyonu)<\/li><li>Bir transfer (yer de\u011fi\u015ftirme) hakk\u0131nda ne d\u00fc\u015f\u00fcn\u00fcrs\u00fcn\u00fcz? (hareketlilik)<\/li><li>\u00d6zel bir hobiniz var m\u0131? Hangileri? (Faaliyet i\u00e7in elveri\u015fli - y\u0131k\u0131c\u0131)<\/li><\/ul><h4>Ba\u015fvuru sahibinin e\u011fitim ge\u00e7mi\u015fi<\/h4><ul><li>Okulda hangi derslerden ho\u015flan\u0131rd\u0131n\u0131z? (ilgi alanlar\u0131)<\/li><li>Mesleki faaliyetiniz s\u0131ras\u0131nda daha fazla e\u011fitim ald\u0131n\u0131z m\u0131? (ilgi ve faaliyet)<\/li><li>Ba\u015fka ne t\u00fcr e\u011fitim planlar\u0131n\u0131z var? (Ger\u00e7ekle\u015ftirilebilirlik ve ihtiya\u00e7 profili)<\/li><\/ul><h4>Ba\u015fvuru sahibinin mesleki geli\u015fimi<\/h4><ul><li>Son pozisyonunuza nas\u0131l geldiniz? (\u0130nisiyatif - d\u0131\u015f etki)<\/li><li>Orada tipik bir i\u015f g\u00fcn\u00fc nas\u0131ld\u0131? (Tan\u0131mlama)<\/li><li>Orada neyi sevdiniz? Neleri be\u011fenmediniz? (Olumsuz ifadeler - nedenler)<\/li><li>Neden \u015fimdi i\u015f de\u011fi\u015ftiriyorsunuz? (Doygunluk - Hareketlilik)<\/li><li>Yeni i\u015fvereninizden ne bekliyorsunuz? (Motivasyon - Dalgalanma)<\/li><\/ul><h4>S\u00f6zle\u015fme g\u00f6r\u00fc\u015fmeleri<\/h4><ul><li>\u015eu anki geliriniz nedir? (Bir teklif i\u00e7in temel)<\/li><li>Nas\u0131l bir ba\u015flang\u0131\u00e7 maa\u015f\u0131 bekliyorsunuz? (Makul maa\u015f aral\u0131\u011f\u0131)<\/li><li>Sosyal yard\u0131mlara ne kadar \u00f6nem veriyorsunuz? (maa\u015f indirimleri)<\/li><li>\u00c7al\u0131\u015fmak istedi\u011finiz \u015firketin di\u011fer faydalar\u0131 hakk\u0131nda fikirleriniz nelerdir? (sosyal faydalar)<\/li><li>\u0130kincil bir i\u015finiz veya ofisiniz var m\u0131? (stres)<\/li><\/ul><h4>Son a\u015fama<\/h4><ul><li>Eski amirlerinizden biriyle (\u015fu anki amirleriniz ge\u00e7erli de\u011fil) konu\u015fabilme ihtimalimiz var m\u0131? (Ka\u00e7amak veya makul nedenler)<\/li><\/ul><\/div>\t\t\t\t\t\t\t\t<\/div>\n\t\t\t\t<\/div>\n\t\t\t\t<div class=\"elementor-element elementor-element-33c85c4 elementor-widget elementor-widget-spacer\" data-id=\"33c85c4\" data-element_type=\"widget\" data-widget_type=\"spacer.default\">\n\t\t\t\t<div class=\"elementor-widget-container\">\n\t\t\t\t\t\t\t<div class=\"elementor-spacer\">\n\t\t\t<div class=\"elementor-spacer-inner\"><\/div>\n\t\t<\/div>\n\t\t\t\t\t\t<\/div>\n\t\t\t\t<\/div>\n\t\t\t\t<\/div>\n\t\t\t\t<\/div>","protected":false},"excerpt":{"rendered":"<p>Sonraki ad\u0131mlar Belgelerinizin g\u00f6nderilmesine izin verirsiniz ve bu ama\u00e7la sizin i\u00e7in \u00f6zel olarak olu\u015fturulmu\u015f bir e-posta adresi kullan\u0131l\u0131r. (Manuel \u0130\u015f Arama'dan bahsedilmiyor.) E-postalar\u0131n\u0131z\u0131 g\u00fcnde birka\u00e7 kez kontrol edin ve i\u015fverenlerin yan\u0131t vermesi bir aya kadar s\u00fcrebilir. Ba\u015fvuru hangi \u015firketlere g\u00f6nderilecek? Ba\u015fvurunuzu hangi internet adreslerine g\u00f6nderdi\u011fimizi [...] adresinden \u00f6\u011frenebilirsiniz.<\/p>","protected":false},"author":256,"featured_media":0,"parent":0,"menu_order":0,"comment_status":"closed","ping_status":"closed","template":"","meta":{"_acf_changed":false,"footnotes":""},"class_list":["post-11283","page","type-page","status-publish","hentry"],"acf":[],"_links":{"self":[{"href":"https:\/\/manualjobsearch.com\/tr\/wp-json\/wp\/v2\/pages\/11283","targetHints":{"allow":["GET"]}}],"collection":[{"href":"https:\/\/manualjobsearch.com\/tr\/wp-json\/wp\/v2\/pages"}],"about":[{"href":"https:\/\/manualjobsearch.com\/tr\/wp-json\/wp\/v2\/types\/page"}],"author":[{"embeddable":true,"href":"https:\/\/manualjobsearch.com\/tr\/wp-json\/wp\/v2\/users\/256"}],"replies":[{"embeddable":true,"href":"https:\/\/manualjobsearch.com\/tr\/wp-json\/wp\/v2\/comments?post=11283"}],"version-history":[{"count":0,"href":"https:\/\/manualjobsearch.com\/tr\/wp-json\/wp\/v2\/pages\/11283\/revisions"}],"wp:attachment":[{"href":"https:\/\/manualjobsearch.com\/tr\/wp-json\/wp\/v2\/media?parent=11283"}],"curies":[{"name":"wp","href":"https:\/\/api.w.org\/{rel}","templated":true}]}}