{"id":11283,"date":"2025-07-08T17:16:17","date_gmt":"2025-07-08T15:16:17","guid":{"rendered":"https:\/\/manualjobsearch.com\/?page_id=11283"},"modified":"2025-07-08T18:12:40","modified_gmt":"2025-07-08T16:12:40","slug":"ablauf-der-initiativbewerbung","status":"publish","type":"page","link":"https:\/\/manualjobsearch.com\/de_ch\/ablauf-der-initiativbewerbung\/","title":{"rendered":"Ablauf der Initiativbewerbung"},"content":{"rendered":"<div data-elementor-type=\"wp-page\" data-elementor-id=\"11283\" class=\"elementor elementor-11283\" data-elementor-post-type=\"page\">\n\t\t\t\t<div class=\"elementor-element elementor-element-72e8682 e-con-full e-flex e-con e-parent\" data-id=\"72e8682\" data-element_type=\"container\">\n\t\t\t\t<div class=\"elementor-element elementor-element-b5465f2 elementor-widget elementor-widget-spacer\" data-id=\"b5465f2\" data-element_type=\"widget\" data-widget_type=\"spacer.default\">\n\t\t\t\t<div class=\"elementor-widget-container\">\n\t\t\t\t\t\t\t<div class=\"elementor-spacer\">\n\t\t\t<div class=\"elementor-spacer-inner\"><\/div>\n\t\t<\/div>\n\t\t\t\t\t\t<\/div>\n\t\t\t\t<\/div>\n\t\t\t\t<div class=\"elementor-element elementor-element-70a652e elementor-widget elementor-widget-text-editor\" data-id=\"70a652e\" data-element_type=\"widget\" data-widget_type=\"text-editor.default\">\n\t\t\t\t<div class=\"elementor-widget-container\">\n\t\t\t\t\t\t\t\t\t<div class=\"container\"><h1>Die n\u00e4chsten Schritte<\/h1><p>Sie gestatten den Versand Ihrer Unterlagen.<br \/>Daf\u00fcr wird eine extra f\u00fcr Sie eingerichtete E-Mail-Adresse verwendet. (Manual Job Search wird nicht erw\u00e4hnt.)<br \/>Pr\u00fcfen Sie mehrmals t\u00e4glich Ihre E-Mails.<br \/>R\u00fcckmeldungen der Arbeitgeber k\u00f6nnen bis zu einem Monat dauern.<\/p><h3>An welche Firmen wird die Bewerbung geschickt?<\/h3><p>Die Internetadressen, an die wir Ihre Bewerbung verschickt haben, k\u00f6nnen Sie per E-Mail von Ihrem Kundenbetreuer anfordern.<\/p><h3>Zugangsdaten f\u00fcr Ihre E-Mail-Adresse<\/h3><p>Der Zugang zu der f\u00fcr Sie eingerichteten E-Mail-Adresse bleibt Ihrem Job-Consultant vorbehalten. Er nimmt Ihnen alle Arbeit ab und Sie k\u00f6nnen sich ausf\u00fchrlich mit den positiven R\u00fcckmeldungen besch\u00e4ftigen.<\/p><p>Sie finden alle positiven R\u00fcckmeldungen in Ihrem Konto \u2013 dort k\u00f6nnen Sie diese auch direkt beantworten.<\/p><h3>Weiterleitung der R\u00fcckmeldungen des Arbeitgebers<\/h3><p>Sie erhalten umgehend jede positive R\u00fcckmeldung eines Arbeitgebers. Nun k\u00f6nnen Sie nach diesem Arbeitgeber recherchieren und sich mit Ihrer privaten E-Mail-Adresse bei ihm melden.<\/p><p>Passt ein Arbeitgeber nicht zu Ihren Vorstellungen, sagen Sie bitte ab und lassen keine Anfrage unbeantwortet.<\/p><p>Bei unseri\u00f6sen R\u00fcckmeldungen kontaktieren Sie uns bitte.<\/p><h3>Positive R\u00fcckmeldungen<\/h3><p>Nach der R\u00fcckmeldung eines Arbeitgebers kommt ein wenig Arbeit auf Sie zu. Wir haben daf\u00fcr eine Checkliste zusammengestellt:<\/p><div class=\"checklist\"><ul><li>Seriosit\u00e4t des Arbeitgebers pr\u00fcfen<\/li><li>Passt die E-Mail-Adresse zum Unternehmen?<\/li><li>Sieht die Homepage des Unternehmens seri\u00f6s aus?<\/li><li>Lockt der Arbeitgeber mit fragw\u00fcrdigen Geh\u00e4ltern?<\/li><li>Sammeln Sie so viele Informationen wie m\u00f6glich \u00fcber das Unternehmen:<ul><li>Unternehmensgr\u00f6\u00dfe<\/li><li>Produkte und Dienstleistungen<\/li><li>Unternehmensalter<\/li><li>Unternehmensphilosophie<\/li><\/ul><\/li><\/ul><\/div><p>Die meisten Informationen finden Sie im Internet.<\/p><h3>Best\u00e4tigung der Anfrage<\/h3><p>Kurzanfragen beantworten Sie per E-Mail.<br \/>Einladungen zum Telefon- oder Vorstellungsgespr\u00e4ch mit Terminvorschlag k\u00f6nnen Sie per E-Mail oder per Telefon best\u00e4tigen.<\/p><h3>Wenn Sie absagen m\u00fcssen<\/h3><p>Nat\u00fcrlich werden Sie alle M\u00f6glichkeiten wahrnehmen, die Ihnen geboten werden. Gibt es Gr\u00fcnde, die aus Ihrer Sicht gegen ein Angebot sprechen? Dann sagen Sie bitte freundlich ab.<\/p><h3>Falls der erste Versand nicht erfolgreich war<\/h3><p>Trotz aller Bem\u00fchungen kann es passieren, dass Ihre i-Bewerbung mit IPSER Manual Job Search nicht auf Anhieb erfolgreich war. Auf Ihren Wunsch \u00fcberpr\u00fcfen wir dann gerne, ob ein zweiter Versand m\u00f6glich ist, was von verschiedenen Kriterien abh\u00e4ngt.<\/p><h3>Sofortige Meldung eines positiven Resultats<\/h3><p>Geben Sie uns bitte sofort telefonisch oder per Mail Bescheid, wenn Sie eine Zusage haben bzw. wenn einen Arbeitsvertrag abgeschlossen haben.<\/p><p>Folgende Dokumente ben\u00f6tigen wir nach der Unterzeichnung:<\/p><ul><li>Kopie des Arbeitsvertrages oder die Rahmendaten.<\/li><li>Bei einer T\u00e4tigkeit als Freelancer unbedingt eine Kopie des Vertrages insbesondere mit der Summe, die der Auftraggeber zahlt.<\/li><\/ul><p>Wir senden Ihnen dann rechtzeitig vor Start der Ratenzahlung eine Rechnung zu.<\/p><h3>Vorbereitung auf das Vorstellungsgespr\u00e4ch<\/h3><p>Wir haben Tipps und Erkl\u00e4rungen f\u00fcr Sie. Die in Klammern angegebenen Begriffe beziehen sich auf den Hintergrund zu den gestellten Fragen:<\/p><h4>Er\u00f6ffnung des Gespr\u00e4chs<\/h4><ul><li>Was wissen Sie \u00fcber unser Unternehmen? (Echtes Interesse pr\u00fcfen)<\/li><li>Worauf beruht Ihr Interesse, in unserem Unternehmen zu arbeiten? (Ziele)<\/li><li>Arbeiten Bekannte, Freunde oder Verwandte bei uns im Unternehmen? (Initiative)<\/li><\/ul><h4>Pers\u00f6nliche Situation des Bewerbers<\/h4><ul><li>In welcher Umgebung sind Sie gro\u00df geworden? (Gro\u00dfstadt\/Land)<\/li><li>Haben Sie Geschwister oder waren Sie Einzelkind? (Anpassungsf\u00e4higkeit)<\/li><li>Haben Sie Jugendorganisationen angeh\u00f6rt? Wenn ja, welcher? (Kontaktf\u00e4higkeit)<\/li><li>Sind Sie verheiratet? Wie lange? Wie viele Kinder? (Harmonie, Sorgen)<\/li><li>Haben Sie die Absicht, in K\u00fcrze zu heiraten? (Fluktuation\/Mobilit\u00e4t)<\/li><li>Welche Meinung hat Ihre Frau\/Ihr Mann \u00fcber Ihren Stellenwechsel? (Arbeitsmotivation)<\/li><li>Wie w\u00fcrden Sie zu einer Versetzung (Umzug) stehen? (Mobilit\u00e4t)<\/li><li>Haben Sie bestimmte Hobbys? Welche? (Der T\u00e4tigkeit f\u00f6rderlich &#8211; st\u00f6rend)<\/li><\/ul><h4>Bildungsgang des Bewerbers<\/h4><ul><li>Welche F\u00e4cher haben Ihnen w\u00e4hrend der Schulzeit gelegen? (Interessen)<\/li><li>Weiterbildung w\u00e4hrend Ihrer beruflichen T\u00e4tigkeit? (Interesse und Aktivit\u00e4t)<\/li><li>Welche Weiterbildungspl\u00e4ne haben Sie? (Realisierbarkeit und Anforderungsprofil)<\/li><\/ul><h4>Berufliche Entwicklung des Bewerbers<\/h4><ul><li>Wie sind Sie zu Ihrer letzten Position gekommen? (Initiative \u2013 Fremdeinwirkung)<\/li><li>Wie sah der typische Arbeitsalltag dort aus? (Identifikation)<\/li><li>Was hat Ihnen dort gefallen? Was nicht? (Negative Aussagen \u2013 Gr\u00fcnde)<\/li><li>Warum wechseln Sie gerade jetzt Ihre Stelle? (S\u00e4ttigung \u2013 Mobilit\u00e4t)<\/li><li>Was erwarten Sie von Ihrem neuen Arbeitgeber? (Motivation \u2013 Fluktuation)<\/li><\/ul><h4>Vertragsverhandlung<\/h4><ul><li>Wie hoch ist Ihr derzeitiges Einkommen? (Grundlage f\u00fcr ein Angebot)<\/li><li>Welches Anfangsgehalt erwarten Sie? (Vertretbare Gehaltsbreite)<\/li><li>Welchen Stellenwert messen Sie den Sozialleistungen zu? (Gehaltsminderungen)<\/li><li>Welche Vorstellungen haben Sie \u00fcber die sonstigen Leistungen des Unternehmens, dem Sie gerne angeh\u00f6ren w\u00fcrden? (Sozialleistungen)<\/li><li>\u00dcben Sie Nebenbesch\u00e4ftigungen oder Neben\u00e4mter aus? (Beanspruchung)<\/li><\/ul><h4>Schlussphase<\/h4><ul><li>Besteht die M\u00f6glichkeit, dass wir uns einmal mit einem Ihrer fr\u00fcheren Vorgesetzten (gegenw\u00e4rtige Vorgesetzte entfallen) unterhalten? (Ausweichende oder plausible Gr\u00fcnde)<\/li><\/ul><\/div>\t\t\t\t\t\t\t\t<\/div>\n\t\t\t\t<\/div>\n\t\t\t\t<div class=\"elementor-element elementor-element-33c85c4 elementor-widget elementor-widget-spacer\" data-id=\"33c85c4\" data-element_type=\"widget\" data-widget_type=\"spacer.default\">\n\t\t\t\t<div class=\"elementor-widget-container\">\n\t\t\t\t\t\t\t<div class=\"elementor-spacer\">\n\t\t\t<div class=\"elementor-spacer-inner\"><\/div>\n\t\t<\/div>\n\t\t\t\t\t\t<\/div>\n\t\t\t\t<\/div>\n\t\t\t\t<\/div>\n\t\t\t\t<\/div>","protected":false},"excerpt":{"rendered":"<p>Die n\u00e4chsten Schritte Sie gestatten den Versand Ihrer Unterlagen.Daf\u00fcr wird eine extra f\u00fcr Sie eingerichtete E-Mail-Adresse verwendet. (Manual Job Search wird nicht erw\u00e4hnt.)Pr\u00fcfen Sie mehrmals t\u00e4glich Ihre E-Mails.R\u00fcckmeldungen der Arbeitgeber k\u00f6nnen bis zu einem Monat dauern. An welche Firmen wird die Bewerbung geschickt? Die Internetadressen, an die wir Ihre Bewerbung verschickt haben, k\u00f6nnen Sie per [&hellip;]<\/p>","protected":false},"author":256,"featured_media":0,"parent":0,"menu_order":0,"comment_status":"closed","ping_status":"closed","template":"","meta":{"_acf_changed":false,"footnotes":""},"class_list":["post-11283","page","type-page","status-publish","hentry"],"acf":[],"_links":{"self":[{"href":"https:\/\/manualjobsearch.com\/de_ch\/wp-json\/wp\/v2\/pages\/11283","targetHints":{"allow":["GET"]}}],"collection":[{"href":"https:\/\/manualjobsearch.com\/de_ch\/wp-json\/wp\/v2\/pages"}],"about":[{"href":"https:\/\/manualjobsearch.com\/de_ch\/wp-json\/wp\/v2\/types\/page"}],"author":[{"embeddable":true,"href":"https:\/\/manualjobsearch.com\/de_ch\/wp-json\/wp\/v2\/users\/256"}],"replies":[{"embeddable":true,"href":"https:\/\/manualjobsearch.com\/de_ch\/wp-json\/wp\/v2\/comments?post=11283"}],"version-history":[{"count":0,"href":"https:\/\/manualjobsearch.com\/de_ch\/wp-json\/wp\/v2\/pages\/11283\/revisions"}],"wp:attachment":[{"href":"https:\/\/manualjobsearch.com\/de_ch\/wp-json\/wp\/v2\/media?parent=11283"}],"curies":[{"name":"wp","href":"https:\/\/api.w.org\/{rel}","templated":true}]}}