{"id":11295,"date":"2025-07-08T18:31:05","date_gmt":"2025-07-08T16:31:05","guid":{"rendered":"https:\/\/manualjobsearch.com\/?page_id=11295"},"modified":"2025-07-08T18:33:41","modified_gmt":"2025-07-08T16:33:41","slug":"mappe-probezeit-ratgeber","status":"publish","type":"page","link":"https:\/\/manualjobsearch.com\/de_at\/mappe-probezeit-ratgeber\/","title":{"rendered":"Mappe Probezeit Ratgeber"},"content":{"rendered":"<div data-elementor-type=\"wp-page\" data-elementor-id=\"11295\" class=\"elementor elementor-11295\" data-elementor-post-type=\"page\">\n\t\t\t\t<div class=\"elementor-element elementor-element-9ce4da4 e-con-full e-flex e-con e-parent\" data-id=\"9ce4da4\" data-element_type=\"container\">\n\t\t\t\t<div class=\"elementor-element elementor-element-853cc57 elementor-widget elementor-widget-spacer\" data-id=\"853cc57\" data-element_type=\"widget\" data-widget_type=\"spacer.default\">\n\t\t\t\t<div class=\"elementor-widget-container\">\n\t\t\t\t\t\t\t<div class=\"elementor-spacer\">\n\t\t\t<div class=\"elementor-spacer-inner\"><\/div>\n\t\t<\/div>\n\t\t\t\t\t\t<\/div>\n\t\t\t\t<\/div>\n\t\t\t\t<div class=\"elementor-element elementor-element-a29a044 elementor-widget elementor-widget-text-editor\" data-id=\"a29a044\" data-element_type=\"widget\" data-widget_type=\"text-editor.default\">\n\t\t\t\t<div class=\"elementor-widget-container\">\n\t\t\t\t\t\t\t\t\t<div style=\"font-family: Arial, sans-serif; margin: 0 auto; line-height: 1.6; font-size: 16px;\">\n<h1>1. Sinn und Zweck der Probezeit<\/h1>\nStatistiken zufolge endet jedes f\u00fcnfte Arbeitsverh\u00e4ltnis in Deutschland w\u00e4hrend der Probezeit.\nBesonders f\u00fcr Arbeitnehmer kann diese Zeit schwierig werden.\nDie einen sehen das Thema \u201eProbezeit\u201c v\u00f6llig entspannt, w\u00e4hrend andere diese\n<strong style=\"color: #4169e1;\">tagt\u00e4glich<\/strong> als Damoklesschwert \u00fcber sich schweben sehen und schon mit einem\nunguten Gef\u00fchl zur Arbeit gehen.\n\n<strong>Ein Beispiel:<\/strong>\n\nDie Firma XY hat sich f\u00fcr Mark S. als neuen Mitarbeiter entschieden und schlie\u00dft mit ihm einen befristeten Arbeitsvertrag.\nDer Lebenslauf war einigerma\u00dfen akzeptabel gewesen, seine vorgelegten Zeugnisse mittelm\u00e4\u00dfig,\naber der junge Mann hatte letztendlich durch sein kompetentes und sympathisches Auftreten \u00fcberzeugt.\nAuch ein Probearbeiten war zur Zufriedenheit aller ausgefallen.\n\nTrotz einiger Bedenken wollte der Personalchef ihm in seiner Firma eine Chance geben.\nMark S. sollte sich beweisen und dieser gab sein Bestes.\n\nNicht immer ist das Beste gut genug, in diesem Fall aber schon.\nDer neue Mitarbeiter erwies sich als zuverl\u00e4ssig, er war interessiert an den betrieblichen Zusammenh\u00e4ngen.\nSchnell bekam er guten Kontakt zu Vorgesetzten und Kollegen und seine Arbeitsleistung lie\u00df nichts zu w\u00fcnschen \u00fcbrig.\nMark S. bestand die Probezeit erfolgreich und befindet sich jetzt in einem zun\u00e4chst befristeten Arbeitsverh\u00e4ltnis mit der Option,\ndass dieses unbefristet werden kann.\n\nNat\u00fcrlich h\u00e4tte es auch anders kommen k\u00f6nnen und die Zusammenarbeit w\u00e4re schnell beendet gewesen.\nSo etwas kann passieren, wenn die eigenen positiven Vorstellungen von der Wirklichkeit unangenehm eingeholt werden.\nSo wie in diesem Fall:\n<div style=\"border: 1px solid #333; padding: 15px; margin-top: 15px; background: #f8f8f8;\">\n\nMarie M. schien <strong>DIE perfekte Mitarbeiterin<\/strong> zu sein. Bei ihr stimmte einfach alles.\nDie fachlichen Kompetenzen waren herausragend, ihr Auftreten tadellos, der Chef war mehr als angetan\nund sah die Probezeit eigentlich mehr als notwendiges \u00dcbel an.\n\nIm Lauf der ersten Wochen an ihrem neuen Arbeitsplatz zeigte (es) sich, dass Marie M. sich \u00fcberhaupt nicht wohlf\u00fchlte.\n\nArbeitsm\u00e4\u00dfig war sie nicht zufrieden, sie konnte keine sozialen Kontakte kn\u00fcpfen und sie hatte den langen Arbeitsweg v\u00f6llig untersch\u00e4tzt.\nSo k\u00fcndigte sie innerhalb der Probezeit.\n\n<\/div>\n<\/div>\n<div style=\"font-family: Arial, sans-serif; margin: 30px auto; font-size: 16px; line-height: 1.6;\">\n\nDie Probezeit im Arbeitsverh\u00e4ltnis ist als Chance f\u00fcr Arbeitgeber und Arbeitnehmer zu sehen.\nSo k\u00f6nnen beide Seiten \u201eerproben\u201c, ob ein befristetes oder unbefristetes Arbeitsverh\u00e4ltnis Sinn machen kann.\n\nDer Arbeitgeber kann F\u00e4higkeiten und Kenntnisse des Arbeitnehmers \u00fcberpr\u00fcfen, man wird erkennen, wie gut der oder die Neue in das Team passt und ob alle anderen Eckpunkte stimmen.\nDer Arbeitnehmer kann seine k\u00fcnftige T\u00e4tigkeit und <a style=\"color: #1a0dab; text-decoration: underline;\" href=\"#\">alles, was<\/a> damit zusammenh\u00e4ngt, kennenlernen und seine Entscheidung treffen.\n<div style=\"border: 1px solid #b22222; background-color: #fdf2f2; padding: 15px 20px; margin-top: 30px;\">\n<p style=\"margin: 0;\"><strong style=\"color: #7c0000;\">FAZIT:<\/strong>\n\nDie Probezeit ist daf\u00fcr gedacht, dass Arbeitnehmer und Arbeitgeber herausfinden k\u00f6nnen,\nob man k\u00fcnftig erfolgreich zusammenarbeiten kann und sich wohlf\u00fchlt.\n\n<strong>Probezeit = Erprobung f\u00fcr Arbeitnehmer und Arbeitgeber.<\/strong><\/p>\n\n<\/div>\n<\/div>\n<div style=\"font-family: Arial, sans-serif; margin: 30px auto; font-size: 16px; line-height: 1.6;\">\n  <h2>2. Dauer der Probezeit<\/h2>\n\n  <p>\n    Die Probezeit f\u00fcr ein Arbeitsverh\u00e4ltnis wird im Arbeitsvertrag festgelegt, die Dauer kann unterschiedlich sein.\n    Es gibt je nach Vertragsart unterschiedliche M\u00f6glichkeiten. Den unbefristeten Arbeitsvertrag, den befristeten Arbeitsvertrag,\n    das befristete Probearbeitsverh\u00e4ltnis und das Ausbildungsverh\u00e4ltnis.\n  <\/p>\n\n  <p><strong>Was ist was und wie verh\u00e4lt es sich mit der Probezeit?<\/strong><\/p>\n\n  <p>\n    Die Probezeit wird in der Regel <strong>6 Monate nicht <a href=\"#\" style=\"color: #1a0dab; text-decoration: underline;\">\u00fcberschreiten<\/a><\/strong>,\n    eine gesetzliche Obergrenze gibt es aber nicht. Gem\u00e4\u00df \u00a7 622 Abs. 3 BGB (B\u00fcrgerliches Gesetzbuch) ist die verk\u00fcrzte K\u00fcndigungsfrist von 2 Wochen f\u00fcr die Probezeit\n    f\u00fcr ein Arbeitsverh\u00e4ltnis h\u00f6chstens 6 Monate anwendbar. Eine Probezeit ist nicht zwingend vorgeschrieben. Arbeitnehmer und Arbeitgeber k\u00f6nnen innerhalb\n    der Probezeit einvernehmlich vereinbaren, dass <a href=\"#\" style=\"color: #1a0dab; text-decoration: underline;\">eine urspr\u00fcnglich k\u00fcrzere<\/a> Probezeit\n    auf bis zu sechs Monate verl\u00e4ngert wird.\n  <\/p>\n\n  <p>Die Vorschriften zu K\u00fcndigungsfristen findet man im BGB \u2013 hier ein Auszug:<\/p>\n\n  <div style=\"border: 1px solid #333; padding: 15px 20px; background: #f9f9f9; margin-bottom: 25px;\">\n    <p><strong>B\u00fcrgerliches Gesetzbuch (BGB)<br>\u00a7 622 K\u00fcndigungsfristen bei Arbeitsverh\u00e4ltnissen<\/strong><\/p>\n    <ul style=\"margin: 0; padding-left: 20px;\">\n      <li>\n        W\u00e4hrend einer vereinbarten Probezeit, l\u00e4ngstens f\u00fcr die Dauer von sechs Monaten,\n        kann das Arbeitsverh\u00e4ltnis mit einer Frist von zwei Wochen gek\u00fcndigt werden.\n      <\/li>\n      <li>\n        Von den Abs\u00e4tzen 1 bis 3 abweichende Regelungen k\u00f6nnen durch Tarifvertrag vereinbart werden.\n        Im Geltungsbereich eines solchen Tarifvertrags gelten die abweichenden tarifvertraglichen Bestimmungen\n        zwischen nicht tarifgebundenen Arbeitgebern und Arbeitnehmern, wenn ihre Anwendung zwischen ihnen vereinbart ist.\n      <\/li>\n    <\/ul>\n  <\/div>\n\n  <p>\n    Bei einem <a href=\"#\" style=\"color: #1a0dab; text-decoration: underline;\">unbefristeten Arbeitsvertrag<\/a>\n    (\u201eunbefristeter Arbeitsvertrages mit vorgeschalteter Probezeit\u201c) muss eine K\u00fcndigung innerhalb der Probezeit erfolgen,\n    wenn das Arbeitsverh\u00e4ltnis nach Ablauf der Probezeit nicht fortgesetzt werden soll.\n    Wird nicht gek\u00fcndigt, gilt der Arbeitsvertrag f\u00fcr einen unbestimmten Zeitraum.\n  <\/p>\n\n  <p>\n    Auch f\u00fcr einen <a href=\"#\" style=\"color: #1a0dab; text-decoration: underline;\">befristeten Arbeitsvertrag<\/a>\n    kann eine Probezeit vereinbart werden. Wird die Probezeit erfolgreich <a href=\"#\" style=\"color: #1a0dab; text-decoration: underline;\">absolviert<\/a>,\n    endet der Arbeitsvertrag dann wie im Vertrag vereinbart.\n    (Beispiel: Der befristete Arbeitsvertrag beginnt am 01.01.2025 und endet zum 31.12.2025 und die vereinbarte Probezeit betr\u00e4gt 3 Monate.\n    Wird nicht von einer der beiden Seiten innerhalb der Probezeit gek\u00fcndigt, l\u00e4uft der Vertrag automatisch bis zum 31.12.2025 und endet\n    <a href=\"#\" style=\"color: #1a0dab; text-decoration: underline;\">dann ohne<\/a> dass eine K\u00fcndigung erfolgen muss.)\n  <\/p>\n\n  <p>\n    Bei einem <a href=\"#\" style=\"color: #1a0dab; text-decoration: underline;\">Ausbildungsverh\u00e4ltnis<\/a>\n    <strong>MUSS<\/strong> eine Probezeit vereinbart werden. Sie betr\u00e4gt zwischen ein und vier Monaten.\n  <\/p>\n<\/div>\n<div style=\"font-family: Arial, sans-serif; margin: 30px auto; font-size: 16px; line-height: 1.6;\">\n  <p>\n    Es gibt auch ein <a href=\"#\" style=\"color: #1a0dab; text-decoration: underline;\">befristetes Probearbeitsverh\u00e4ltnis<\/a> \u2013 \n    solch ein Arbeitsverh\u00e4ltnis wird zu dem Zweck geschlossen, dass eine Erprobung erfolgen kann, \n    die Dauer muss angemessen sein. (Vertrag mit Sachgrund). Dieser Vertrag bedarf der Schriftform \u2013 \n    er endet automatisch, wenn das Probearbeitsverh\u00e4ltnis endet.\n  <\/p>\n\n  <p>\n    Ist im Arbeitsvertrag keine Probezeit vereinbart, bedeutet das, dass zwar nicht mit der verk\u00fcrzten K\u00fcndigungsfrist \n    von 14 Tagen gek\u00fcndigt werden kann, das K\u00fcndigungsschutzgesetz ist jedoch erst nach Ablauf von sechs Monaten \n    ununterbrochener Betriebszugeh\u00f6rigkeit anwendbar. Auch eine K\u00fcndigung ohne Angabe von Gr\u00fcnden ist nicht m\u00f6glich.\n  <\/p>\n\n  <p><strong>Achtung:<\/strong> Tarifvertr\u00e4ge k\u00f6nnen andere Fristen enthalten, diese m\u00fcssen dann Anwendung finden.<\/p>\n\n  <div style=\"border: 1px solid #b22222; background-color: #fdf2f2; padding: 15px 20px; margin-top: 30px;\">\n    <p style=\"margin: 0;\">\n      <strong style=\"color: #7c0000;\">FAZIT:<\/strong><br><br>\n      In der Regel ist die Probezeit im Arbeitsvertrag auf bis zu 6 Monate befristet.<br>\n      Innerhalb der Probezeit gilt im Allgemeinen eine verk\u00fcrzte K\u00fcndigungsfrist von 2 Wochen.\n      Eine Probezeit ist nicht zwingend vorgeschrieben.\n    <\/p>\n  <\/div>\n<\/div>\n<div style=\"font-family: Arial, sans-serif; margin: 30px auto; font-size: 16px; line-height: 1.6;\">\n  <h2>\n    3. Urlaub in der Probezeit\n  <\/h2>\n\n  <p>\n    Stellen Sie sich bitte folgendes Szenario vor:<br>\n    Sie glauben, dass Sie einen sicheren Arbeitsplatz haben und buchen f\u00fcr das Folgejahr einen kostenintensiven Urlaub.\n    Anfang des neuen Jahres bekommen Sie die Schreckensmeldung, dass Ihr Arbeitgeber insolvent ist und Sie m\u00fcssen sich einen neuen Job suchen.\n  <\/p>\n\n  <p>\n    Die Jobsuche ist erfolgreich, Sie k\u00f6nnen zum 1. April Ihren neuen Arbeitsplatz bekommen.\n    Nat\u00fcrlich enth\u00e4lt der Arbeitsvertrag eine Probezeit \u2013 in diesem Fall sechs Monate.\n    Das bedeutet, dass Ihr geplanter Urlaub in die Probezeit fallen w\u00fcrde&#8230;\n  <\/p>\n\n  <p>\n    Den vollen Anspruch auf den zustehenden Jahresurlaub hat man gem\u00e4\u00df \u00a7 4 BUrlG (Bundesurlaubsgesetz) erst nach Ablauf der Probezeit.\n    Nach \u00a7 5 BUrlG erwirbt man situationsbedingt f\u00fcr jeden Monat eines bestehenden Arbeitsverh\u00e4ltnisses einen Anspruch auf Teilurlaub.\n  <\/p>\n\n  <div style=\"border: 1px solid #333; background: #f9f9f9; padding: 15px 20px; margin: 20px 0;\">\n    <p><strong>Mindesurlaubsgesetz f\u00fcr Arbeitnehmer (Bundesurlaubsgesetz)<br>\u00a7 5 Teilurlaub<\/strong><\/p>\n    <ul style=\"padding-left: 20px;\">\n      <li>Anspruch auf ein Zw\u00f6lftel des Jahresurlaubs f\u00fcr jeden vollen Monat des Bestehens des Arbeitsverh\u00e4ltnisses hat der Arbeitnehmer<\/li>\n      <li>f\u00fcr Zeiten eines Kalenderjahrs, f\u00fcr die er wegen Nichterf\u00fcllung der Wartezeit in diesem Kalenderjahr keinen vollen Urlaubsanspruch erwirbt<\/li>\n      <li>wenn er vor erf\u00fcllter Wartezeit aus dem Arbeitsverh\u00e4ltnis ausscheidet<\/li>\n      <li>wenn er nach erf\u00fcllter Wartezeit in der ersten H\u00e4lfte eines Kalenderjahrs aus dem Arbeitsverh\u00e4ltnis ausscheidet<\/li>\n      <li>Bruchteile von Urlaubstagen, die mindestens einen halben Tag ergeben, sind auf volle Urlaubstage aufzurunden<\/li>\n      <li>Hat der Arbeitnehmer im Fall des Absatzes 1 Buchstabe c bereits Urlaub \u00fcber den ihm zustehenden Umfang hinaus erhalten, so kann das daf\u00fcr gezahlte Urlaubsentgelt nicht zur\u00fcckgefordert werden.<\/li>\n    <\/ul>\n  <\/div>\n\n  <p>Eine andere gesetzliche Regelung im Bundesurlaubsgesetz besagt:<\/p>\n\n  <div style=\"border: 1px solid #333; background: #f9f9f9; padding: 15px 20px; margin: 20px 0;\">\n    <p><strong>\u00a7 4 Wartezeit<\/strong><br>\n      Der volle Urlaubsanspruch wird erstmalig nach sechsmonatigem Bestehen des Arbeitsverh\u00e4ltnisses erworben.\n    <\/p>\n  <\/div>\n\n  <p>\n    Zusammengefasst bedeutet das, dass man in der Probezeit seinen Urlaubsanspruch quasi ansparen muss.\n    Unvorhergesehene Ereignisse, wie zum Beispiel ein Todesfall in der Familie, rechtfertigen nat\u00fcrlich einige wenige freie Tage.\n    Die Grundlage dazu findet man hier:\n  <\/p>\n\n  <div style=\"border: 1px solid #333; background: #f9f9f9; padding: 15px 20px; margin: 20px 0;\">\n    <p><strong>B\u00fcrgerliches Gesetzbuch (BGB)<br>\u00a7 616 Vor\u00fcbergehende Verhinderung<\/strong><\/p>\n    <p>\n      Der zur Dienstleistung Verpflichtete wird des Anspruchs auf die Verg\u00fctung nicht dadurch verlustig,\n      dass er f\u00fcr eine verh\u00e4ltnism\u00e4\u00dfig nicht erhebliche Zeit durch einen in seiner Person liegenden Grund ohne sein Verschulden\n      an der Dienstleistung verhindert wird. Er muss sich jedoch den Betrag anrechnen lassen, welcher ihm f\u00fcr die Zeit der Verhinderung\n      aus einer auf Grund gesetzlicher Verpflichtung bestehenden Kranken- oder Unfallversicherung zukommt.\n    <\/p>\n  <\/div>\n\n  <p>\n    Grunds\u00e4tzlich ist es nat\u00fcrlich nicht \u201everboten\u201c w\u00e4hrend der Probezeit Urlaub zu beantragen, aber ob es taktisch sinnvoll ist,\n    das muss man selbst herausfinden. Fakt ist, dass ein Arbeitgeber nicht verpflichtet ist, w\u00e4hrend der Probezeit einen l\u00e4ngeren Urlaub zu gew\u00e4hren.\n  <\/p>\n\n  <p>\n    F\u00fcr unser Beispiel bedeutet das, dass man solche eine Urlaubsplanung vor einem eventuellen Vertragsabschluss ansprechen und abstimmen muss.\n    Im Zweifelsfall steht man vor der Entscheidung <em>\u201eNeuer Job\u201c<\/em> oder <em>\u201eFinanzieller Verlust durch Nichantritt des Urlaubs\u201c<\/em>.\n  <\/p>\n\n  <div style=\"border: 1px solid #b22222; background-color: #fdf2f2; padding: 15px 20px; margin-top: 30px;\">\n    <p style=\"margin: 0;\">\n      <strong style=\"color: #7c0000;\">FAZIT:<\/strong><br><br>\n      Urlaub in der Probezeit ist nicht grunds\u00e4tzlich auszuschlie\u00dfen, sollte aber nur in wirklich dringenden F\u00e4llen beantragt werden.<br>\n      Der Urlaubsanspruch in der Probezeit wird monatlich unter Ber\u00fccksichtigung der Wartezeiten gesammelt.\n    <\/p>\n  <\/div>\n<\/div>\n<div style=\"font-family: Arial, sans-serif; margin: 30px auto; font-size: 16px; line-height: 1.6;\">\n  <h2>\n    4. Krankheit in der Probezeit\n  <\/h2>\n\n  <p>\n    Was passiert, wenn man in der Probezeit krank wird? Fall 1:\n  <\/p>\n  <p>\n    Melanie R. erkrankt nach zwei Monaten Probezeit schwer, <br>\n    <a href=\"#\" style=\"color: #1a0dab; text-decoration: underline;\">sie teilt<\/a> das dem Arbeitgeber unverz\u00fcglich mit und reicht ihre Arbeitsunf\u00e4higkeitsbescheinigung ein.\n  <\/p>\n\n  <p><strong>Fall 2:<\/strong><br>\n    Am Morgen des zweiten Arbeitstages in der Probezeit hat Sarah R. eine leichte Erk\u00e4ltung und wird von ihrem Arzt deshalb f\u00fcr drei Tage krankgeschrieben.\n  <\/p>\n\n  <p>\n    Wird das nun Konsequenzen haben und vielleicht sogar die K\u00fcndigung nach sich ziehen?<br>\n    Das kommt auf den Arbeitgeber, die <a href=\"#\" style=\"color: #1a0dab; text-decoration: underline;\">Einzelumst\u00e4nde<\/a> und die betrieblichen Belange an.\n    W\u00e4hrend der Probezeit besteht keine Pflicht, eine K\u00fcndigung zu begr\u00fcnden.\n  <\/p>\n\n  <p>\n    Fakt ist, dass man nat\u00fcrlich bei schweren und ansteckenden Krankheiten der Arbeit fernbleiben wird und muss.\n    Ob man sich wegen eines kleinen Schnupfens nicht in der Lage f\u00fchlt, zu arbeiten, das muss jeder f\u00fcr sich selbst entscheiden.\n  <\/p>\n\n  <p>\n    Wichtig ist es, seinen Pflichten nachzukommen. Das bedeutet, dass man umgehend den Arbeitgeber informiert, wenn man nicht zur Arbeit kommen kann.\n  <\/p>\n\n  <p>\n    Des Weiteren sollte man einen Blick in den Arbeitsvertrag werfen und herausfinden, ab wann eine Arbeitsunf\u00e4higkeitsbescheinigung vorzulegen ist.\n    Meist wird das zwar erst ab dem vierten Tag der Krankheit sein, es kann aber auch der erste Tag des Fernbleibens vertraglich vereinbart werden.\n    Eine weitere Pflicht des Arbeitnehmers ist es, daf\u00fcr zu sorgen, dass er so schnell wie m\u00f6glich gesund wird.\n  <\/p>\n\n  <p>\n    Wie ist das mit der Bezahlung? Wenn Sie bereits l\u00e4nger als vier Wochen (28 Tage) bei dem neuen Arbeitgeber ununterbrochen besch\u00e4ftigt sind,\n    tritt bei l\u00e4ngerer Krankheit die Lohnfortzahlung nach sechs Wochen Krankheitsdauer ein.\n    Bis zu diesem Zeitpunkt zahlt unter Umst\u00e4nden der Arbeitgeber. War man weniger als vier Wochen besch\u00e4ftigt,\n    erh\u00e4lt man in diesem Fall Geld von der Krankenkasse.\n  <\/p>\n\n  <p>\n    Wichtig ist au\u00dferdem, dass die Arbeitsunf\u00e4higkeit nicht selbst verschuldet <a href=\"#\" style=\"color: #1a0dab; text-decoration: underline;\">worden ist<\/a>.\n  <\/p>\n\n  <p>\n    Die Dauer der Bescheinigung \u00fcber die Arbeitsunf\u00e4higkeit liegt im Ermessen des behandelnden Arztes,\n    sie stellt allerdings keine Verpflichtung dar, der Arbeit fernzubleiben, wenn man vor Ablauf der Bescheinigung wieder gesund ist.\n  <\/p>\n\n  <p>\n    Erh\u00e4lt man w\u00e4hrend der Krankheit die K\u00fcndigung, ist aber \u00fcber das Ende der K\u00fcndigungsfrist hinaus krank,\n    wird man in der Regel Krankengeld von der Krankenkasse bekommen.\n    Ist die Krankheit der Anlass der K\u00fcndigung, tritt das Entgeltfortzahlungsgesetz in Kraft.\n    Die K\u00fcndigung darf allerdings nicht sittenwidrig sein.\n  <\/p>\n\n  <p>\n    Also muss man einfach nur im Betrieb anrufen und Bescheid sagen, dass man krank ist und ggf. eine Krankschreibung einreichen?\n    Vom Gesetz her gen\u00fcgt das sicherlich, allerdings kann auch in diesem Fall ein Gespr\u00e4ch hilfreich sein.\n    Reden Sie mit Ihrem Arbeitgeber, teilen mit, wann Sie&#8230;\n  <\/p>\n\n  <p><strong>Das Entgeltfortzahlungsgesetz im Auszug:<\/strong><\/p>\n\n  <div style=\"border: 1px solid #333; background: #f9f9f9; padding: 15px 20px; margin: 20px 0;\">\n    <p><strong>Gesetz \u00fcber die Zahlung des Arbeitsentgelts an Feiertagen und im Krankheitsfall (Entgeltfortzahlungsgesetz)<br>\n    \u00a7 3 Anspruch auf Entgeltfortzahlung im Krankheitsfall<\/strong><\/p>\n\n    <p>(1) Wird ein Arbeitnehmer durch Arbeitsunf\u00e4higkeit infolge Krankheit an seiner Arbeitsleistung verhindert,\n      ohne dass ihn ein Verschulden trifft, so hat er Anspruch auf Entgeltfortzahlung im Krankheitsfall durch den Arbeitgeber\n      f\u00fcr die Zeit der Arbeitsunf\u00e4higkeit bis zur Dauer von sechs Wochen. Wird der Arbeitnehmer infolge derselben Krankheit erneut arbeitsunf\u00e4hig,\n      so verliert er wegen der erneuten Arbeitsunf\u00e4higkeit den Anspruch nach Satz 1 f\u00fcr einen weiteren Zeitraum von h\u00f6chstens sechs Wochen nicht, wenn\n    <\/p>\n    <ul>\n      <li>er vor der erneuten Arbeitsunf\u00e4higkeit mindestens sechs Monate nicht infolge derselben Krankheit arbeitsunf\u00e4hig war oder<\/li>\n      <li>seit Beginn der ersten Arbeitsunf\u00e4higkeit infolge derselben Krankheit eine Frist von zw\u00f6lf Monaten abgelaufen ist.<\/li>\n    <\/ul>\n\n    <p>(2) Als unverschuldete Arbeitsunf\u00e4higkeit im Sinne des Absatzes 1 gilt auch eine Arbeitsverhinderung,\n      infolge einer nicht rechtswidrigen Sterilisation oder eines nicht rechtswidrigen Abbruchs der Schwangerschaft eintritt.\n      Dasselbe gilt f\u00fcr einen Abbruch der Schwangerschaft, wenn die Schwangerschaft innerhalb von zw\u00f6lf Wochen nach dem Empf\u00e4ngnis durch einen Arzt abgebrochen wird,\n      die schwangere Frau den Abbruch verlangt und dem Arzt durch eine Bescheinigung nachgewiesen hat,\n      dass sie sich mindestens drei Tage vor dem Eingriff von einer anerkannten Beratungsstelle hat beraten lassen.\n    <\/p>\n\n    <p>(3) Der Anspruch nach Absatz 1 entsteht nach vierw\u00f6chiger ununterbrochener Dauer des Arbeitsverh\u00e4ltnisses.<\/p>\n  <\/div>\n\n  <div style=\"border: 1px solid #b22222; background-color: #fdf2f2; padding: 15px 20px; margin-top: 30px;\">\n    <p style=\"margin: 0;\">\n      <strong style=\"color: #7c0000;\">FAZIT:<\/strong><br><br>\n      Wer krank und arbeitsunf\u00e4hig ist, geht nat\u00fcrlich nicht zur Arbeit. Die Fristen zur Krankmeldung m\u00fcssen gewahrt werden.<br>\n      Es gibt keinen K\u00fcndigungsschutz w\u00e4hrend der Arbeitsunf\u00e4higkeitsbescheinigung in der Probezeit.\n      Die Lohnfortzahlung durch den Arbeitgeber h\u00e4ngt von verschiedenen Umst\u00e4nden ab.\n    <\/p>\n  <\/div>\n<\/div>\n<div style=\"font-family: Arial, sans-serif;margin: 30px auto; font-size: 16px; line-height: 1.6;\">\n  <h2>\n    5. K\u00fcndigung in der Probezeit\n  <\/h2>\n\n  <p>\n    F\u00fcr die Probezeit gelten bei einem Arbeitsverh\u00e4ltnis besondere K\u00fcndigungsfristen.<br>\n    Innerhalb der Probezeit betr\u00e4gt die K\u00fcndigungsfrist zwei Wochen, meist mit der Frist zum Monatsende oder zum 15ten des Monats.\n    Auch am letzten Tag der Probezeit kann noch gek\u00fcndigt werden.\n    <strong>Ausschlaggebend<\/strong> f\u00fcr die Fristwahrung ist der Zeitpunkt des Zugangs der K\u00fcndigung.\n    Ein Grund muss innerhalb der Probezeit <strong>nicht<\/strong> genannt werden.\n  <\/p>\n\n  <p>\n    Besondere Ausnahmen bieten jedoch einen gewissen K\u00fcndigungsschutz \u2013\n    hiervon betroffen sind zum Beispiel K\u00fcndigungen aus diskriminierenden Gr\u00fcnden.\n  <\/p>\n\n  <p>\n    Aus einem wichtigen Grund kann au\u00dferordentlich gem\u00e4\u00df \u00a7 626 BGB gek\u00fcndigt werden. (Fristlose Entlassung).\n    In diesem Fall muss die K\u00fcndigung begr\u00fcndet werden.\n  <\/p>\n\n  <p>\n    Eignet sich der Arbeitnehmer zum Beispiel nicht f\u00fcr die T\u00e4tigkeit, f\u00fcr die er eingestellt wurde,\n    ist das kein Grund zur fristlosen K\u00fcndigung. Wenn ein Arbeitnehmer zum Beispiel Firmeneigentum stiehlt,\n    kann er fristlos entlassen werden. In diesem Fall ist das Arbeitsverh\u00e4ltnis sofort beendet.\n  <\/p>\n\n  <div style=\"border: 1px solid #333; background: #f9f9f9; padding: 15px 20px; margin-top: 25px;\">\n    <p><strong>B\u00fcrgerliches Gesetzbuch (BGB)<br>\u00a7 626 Fristlose K\u00fcndigung aus wichtigem Grund<\/strong><\/p>\n    <ul style=\"padding-left: 20px;\">\n      <li>\n        Das Dienstverh\u00e4ltnis kann von jedem Vertragsteil aus wichtigem Grund ohne Einhaltung einer K\u00fcndigungsfrist\n        gek\u00fcndigt werden, wenn Tatsachen vorliegen, auf Grund derer dem K\u00fcndigenden unter Ber\u00fccksichtigung\n        aller Umst\u00e4nde des Einzelfalles und unter Abw\u00e4gung der Interessen beider Vertragsteile\n        die Fortsetzung des Dienstverh\u00e4ltnisses bis zum Ablauf der K\u00fcndigungsfrist oder bis zur\n        vereinbarten Beendigung des Dienstverh\u00e4ltnisses nicht zugemutet werden kann.\n      <\/li>\n      <li>\n        Die K\u00fcndigung kann nur innerhalb von zwei Wochen erfolgen.\n        Die Frist beginnt mit dem Zeitpunkt, in dem der K\u00fcndigungsberechtigte von den f\u00fcr die K\u00fcndigung ma\u00dfgebenden Tatsachen Kenntnis erlangt.\n        Der K\u00fcndigende muss dem anderen Teil auf Verlangen den K\u00fcndigungsgrund unverz\u00fcglich schriftlich mitteilen.\n      <\/li>\n    <\/ul>\n  <\/div>\n<\/div>\n\t\t\t\t\t\t\t\t<\/div>\n\t\t\t\t<\/div>\n\t\t\t\t<div class=\"elementor-element elementor-element-91bf4f1 elementor-widget elementor-widget-spacer\" data-id=\"91bf4f1\" data-element_type=\"widget\" data-widget_type=\"spacer.default\">\n\t\t\t\t<div class=\"elementor-widget-container\">\n\t\t\t\t\t\t\t<div class=\"elementor-spacer\">\n\t\t\t<div class=\"elementor-spacer-inner\"><\/div>\n\t\t<\/div>\n\t\t\t\t\t\t<\/div>\n\t\t\t\t<\/div>\n\t\t\t\t<\/div>\n\t\t\t\t<\/div>","protected":false},"excerpt":{"rendered":"<p>1. Sinn und Zweck der Probezeit Statistiken zufolge endet jedes f\u00fcnfte Arbeitsverh\u00e4ltnis in Deutschland w\u00e4hrend der Probezeit. Besonders f\u00fcr Arbeitnehmer kann diese Zeit schwierig werden. Die einen sehen das Thema \u201eProbezeit\u201c v\u00f6llig entspannt, w\u00e4hrend andere diese tagt\u00e4glich als Damoklesschwert \u00fcber sich schweben sehen und schon mit einem unguten Gef\u00fchl zur Arbeit gehen. Ein Beispiel: Die [&hellip;]<\/p>","protected":false},"author":256,"featured_media":0,"parent":0,"menu_order":0,"comment_status":"closed","ping_status":"closed","template":"","meta":{"_acf_changed":false,"footnotes":""},"class_list":["post-11295","page","type-page","status-publish","hentry"],"acf":[],"_links":{"self":[{"href":"https:\/\/manualjobsearch.com\/de_at\/wp-json\/wp\/v2\/pages\/11295","targetHints":{"allow":["GET"]}}],"collection":[{"href":"https:\/\/manualjobsearch.com\/de_at\/wp-json\/wp\/v2\/pages"}],"about":[{"href":"https:\/\/manualjobsearch.com\/de_at\/wp-json\/wp\/v2\/types\/page"}],"author":[{"embeddable":true,"href":"https:\/\/manualjobsearch.com\/de_at\/wp-json\/wp\/v2\/users\/256"}],"replies":[{"embeddable":true,"href":"https:\/\/manualjobsearch.com\/de_at\/wp-json\/wp\/v2\/comments?post=11295"}],"version-history":[{"count":5,"href":"https:\/\/manualjobsearch.com\/de_at\/wp-json\/wp\/v2\/pages\/11295\/revisions"}],"predecessor-version":[{"id":11758,"href":"https:\/\/manualjobsearch.com\/de_at\/wp-json\/wp\/v2\/pages\/11295\/revisions\/11758"}],"wp:attachment":[{"href":"https:\/\/manualjobsearch.com\/de_at\/wp-json\/wp\/v2\/media?parent=11295"}],"curies":[{"name":"wp","href":"https:\/\/api.w.org\/{rel}","templated":true}]}}